{"id":1367,"date":"2022-06-22T15:37:33","date_gmt":"2022-06-22T15:37:33","guid":{"rendered":"https:\/\/ondaazzurracamping.com\/reservierungsbestaetigung\/"},"modified":"2023-08-04T07:44:35","modified_gmt":"2023-08-04T07:44:35","slug":"reservierungsbestaetigung","status":"publish","type":"page","link":"https:\/\/ondaazzurracamping.com\/de\/reservierungsbestaetigung\/","title":{"rendered":"Reservierungsbest\u00e4tigung"},"content":{"rendered":"<section class=\"l-section wpb_row us_custom_50ea682b height_medium full_height valign_center\"><div class=\"l-section-h i-cf\"><div class=\"g-cols vc_row via_flex valign_top type_default stacking_default\"><div class=\"vc_col-sm-12 wpb_column vc_column_container\"><div class=\"vc_column-inner\"><div class=\"wpb_wrapper\"><div class=\"g-cols wpb_row via_flex valign_top type_default stacking_default\"><div class=\"vc_col-sm-3 wpb_column vc_column_container\"><div class=\"vc_column-inner\"><div class=\"wpb_wrapper\"><\/div><\/div><\/div><div class=\"vc_col-sm-6 wpb_column vc_column_container has_bg_color\"><div class=\"vc_column-inner us_custom_1e224d91\"><div class=\"wpb_wrapper\"><div class=\"ult-spacer spacer-69e834822eb6d\" data-id=\"69e834822eb6d\" data-height=\"20\" data-height-mobile=\"20\" data-height-tab=\"20\" data-height-tab-portrait=\"\" data-height-mobile-landscape=\"\" style=\"clear:both;display:block;\"><\/div><div class=\"w-image align_center\"><div url class=\"w-image-h\"><img width=\"180\" height=\"80\" src=\"https:\/\/ondaazzurracamping.com\/wp-content\/uploads\/2021\/04\/camping-onda-azzurra.png\" class=\"attachment-us_180_180 size-us_180_180\" alt=\"\" decoding=\"async\" loading=\"lazy\" srcset=\"https:\/\/ondaazzurracamping.com\/wp-content\/uploads\/2021\/04\/camping-onda-azzurra.png 1275w, https:\/\/ondaazzurracamping.com\/wp-content\/uploads\/2021\/04\/camping-onda-azzurra-300x134.png 300w, https:\/\/ondaazzurracamping.com\/wp-content\/uploads\/2021\/04\/camping-onda-azzurra-1024x456.png 1024w\" sizes=\"(max-width: 180px) 100vw, 180px\" \/><\/div><\/div><div class=\"ult-spacer spacer-69e834822f178\" data-id=\"69e834822f178\" data-height=\"20\" data-height-mobile=\"20\" data-height-tab=\"20\" data-height-tab-portrait=\"\" data-height-mobile-landscape=\"\" style=\"clear:both;display:block;\"><\/div><div class=\"wpb_text_column\"><div class=\"wpb_wrapper\"><h1 class=\"com-typo__lead-title mod-internal-heading__title\" style=\"text-align: center;\">DANKE SCH\u00d6N!<\/h1>\n<\/div><\/div><div class=\"wpb_text_column\"><div class=\"wpb_wrapper\"><p style=\"text-align: center;\">Wir haben uns um Ihre Verf\u00fcgbarkeitsanfrage gek\u00fcmmert.<br \/>\nUnser Team wird sich so schnell wie m\u00f6glich mit Ihnen in Verbindung setzen.<\/p>\n<p style=\"text-align: center;\">Bis bald!<\/p>\n<\/div><\/div><div class=\"ult-spacer spacer-69e834822f528\" data-id=\"69e834822f528\" data-height=\"20\" data-height-mobile=\"20\" data-height-tab=\"20\" data-height-tab-portrait=\"20\" data-height-mobile-landscape=\"20\" style=\"clear:both;display:block;\"><\/div><\/div><\/div><\/div><div class=\"vc_col-sm-3 wpb_column vc_column_container\"><div class=\"vc_column-inner\"><div class=\"wpb_wrapper\"><\/div><\/div><\/div><\/div><\/div><\/div><\/div><\/div><\/div><\/section>\n","protected":false},"excerpt":{"rendered":"DANKE SCH\u00d6N! Wir haben uns um Ihre Verf\u00fcgbarkeitsanfrage gek\u00fcmmert. Unser Team wird sich so schnell wie m\u00f6glich mit Ihnen in Verbindung setzen. Bis bald!","protected":false},"author":1,"featured_media":0,"parent":0,"menu_order":0,"comment_status":"closed","ping_status":"closed","template":"","meta":[],"yoast_head":"<!-- This site is optimized with the Yoast SEO plugin v20.11 - https:\/\/yoast.com\/wordpress\/plugins\/seo\/ -->\n<title>Reservierungsbest\u00e4tigung - Camping Onda Azzurra<\/title>\n<meta name=\"robots\" content=\"index, follow, max-snippet:-1, max-image-preview:large, max-video-preview:-1\" \/>\n<link rel=\"canonical\" href=\"https:\/\/ondaazzurracamping.com\/de\/reservierungsbestaetigung\/\" \/>\n<meta property=\"og:locale\" content=\"de_DE\" \/>\n<meta property=\"og:type\" content=\"article\" \/>\n<meta property=\"og:title\" content=\"Reservierungsbest\u00e4tigung - Camping Onda Azzurra\" \/>\n<meta property=\"og:url\" content=\"https:\/\/ondaazzurracamping.com\/de\/reservierungsbestaetigung\/\" \/>\n<meta property=\"og:site_name\" content=\"Camping Onda Azzurra\" \/>\n<meta property=\"article:publisher\" content=\"https:\/\/www.facebook.com\/OndaAzzurraCampingVillaggio\/\" \/>\n<meta property=\"article:modified_time\" content=\"2023-08-04T07:44:35+00:00\" \/>\n<meta name=\"twitter:card\" content=\"summary_large_image\" \/>\n<meta name=\"twitter:label1\" content=\"Gesch\u00e4tzte Lesezeit\" \/>\n\t<meta name=\"twitter:data1\" content=\"1 Minute\" \/>\n<script type=\"application\/ld+json\" class=\"yoast-schema-graph\">{\"@context\":\"https:\/\/schema.org\",\"@graph\":[{\"@type\":\"WebPage\",\"@id\":\"https:\/\/ondaazzurracamping.com\/de\/reservierungsbestaetigung\/\",\"url\":\"https:\/\/ondaazzurracamping.com\/de\/reservierungsbestaetigung\/\",\"name\":\"Reservierungsbest\u00e4tigung - Camping Onda Azzurra\",\"isPartOf\":{\"@id\":\"https:\/\/ondaazzurracamping.com\/de\/#website\"},\"datePublished\":\"2022-06-22T15:37:33+00:00\",\"dateModified\":\"2023-08-04T07:44:35+00:00\",\"breadcrumb\":{\"@id\":\"https:\/\/ondaazzurracamping.com\/de\/reservierungsbestaetigung\/#breadcrumb\"},\"inLanguage\":\"de-DE\",\"potentialAction\":[{\"@type\":\"ReadAction\",\"target\":[\"https:\/\/ondaazzurracamping.com\/de\/reservierungsbestaetigung\/\"]}]},{\"@type\":\"BreadcrumbList\",\"@id\":\"https:\/\/ondaazzurracamping.com\/de\/reservierungsbestaetigung\/#breadcrumb\",\"itemListElement\":[{\"@type\":\"ListItem\",\"position\":1,\"name\":\"Home\",\"item\":\"https:\/\/ondaazzurracamping.com\/de\/\"},{\"@type\":\"ListItem\",\"position\":2,\"name\":\"Reservierungsbest\u00e4tigung\"}]},{\"@type\":\"WebSite\",\"@id\":\"https:\/\/ondaazzurracamping.com\/de\/#website\",\"url\":\"https:\/\/ondaazzurracamping.com\/de\/\",\"name\":\"Camping Onda Azzurra\",\"description\":\"\",\"publisher\":{\"@id\":\"https:\/\/ondaazzurracamping.com\/de\/#organization\"},\"potentialAction\":[{\"@type\":\"SearchAction\",\"target\":{\"@type\":\"EntryPoint\",\"urlTemplate\":\"https:\/\/ondaazzurracamping.com\/de\/?s={search_term_string}\"},\"query-input\":\"required name=search_term_string\"}],\"inLanguage\":\"de-DE\"},{\"@type\":\"Organization\",\"@id\":\"https:\/\/ondaazzurracamping.com\/de\/#organization\",\"name\":\"Camping Onda Azzurra\",\"url\":\"https:\/\/ondaazzurracamping.com\/de\/\",\"logo\":{\"@type\":\"ImageObject\",\"inLanguage\":\"de-DE\",\"@id\":\"https:\/\/ondaazzurracamping.com\/de\/#\/schema\/logo\/image\/\",\"url\":\"https:\/\/ondaazzurracamping.com\/wp-content\/uploads\/2021\/04\/camping-onda-azzurra.png\",\"contentUrl\":\"https:\/\/ondaazzurracamping.com\/wp-content\/uploads\/2021\/04\/camping-onda-azzurra.png\",\"width\":1275,\"height\":568,\"caption\":\"Camping Onda Azzurra\"},\"image\":{\"@id\":\"https:\/\/ondaazzurracamping.com\/de\/#\/schema\/logo\/image\/\"},\"sameAs\":[\"https:\/\/www.facebook.com\/OndaAzzurraCampingVillaggio\/\",\"https:\/\/www.instagram.com\/onda_azzurra_camping_village\/\"]}]}<\/script>\n<!-- \/ Yoast SEO plugin. -->","yoast_head_json":{"title":"Reservierungsbest\u00e4tigung - Camping Onda Azzurra","robots":{"index":"index","follow":"follow","max-snippet":"max-snippet:-1","max-image-preview":"max-image-preview:large","max-video-preview":"max-video-preview:-1"},"canonical":"https:\/\/ondaazzurracamping.com\/de\/reservierungsbestaetigung\/","og_locale":"de_DE","og_type":"article","og_title":"Reservierungsbest\u00e4tigung - Camping Onda Azzurra","og_url":"https:\/\/ondaazzurracamping.com\/de\/reservierungsbestaetigung\/","og_site_name":"Camping Onda Azzurra","article_publisher":"https:\/\/www.facebook.com\/OndaAzzurraCampingVillaggio\/","article_modified_time":"2023-08-04T07:44:35+00:00","twitter_card":"summary_large_image","twitter_misc":{"Gesch\u00e4tzte Lesezeit":"1 Minute"},"schema":{"@context":"https:\/\/schema.org","@graph":[{"@type":"WebPage","@id":"https:\/\/ondaazzurracamping.com\/de\/reservierungsbestaetigung\/","url":"https:\/\/ondaazzurracamping.com\/de\/reservierungsbestaetigung\/","name":"Reservierungsbest\u00e4tigung - Camping Onda Azzurra","isPartOf":{"@id":"https:\/\/ondaazzurracamping.com\/de\/#website"},"datePublished":"2022-06-22T15:37:33+00:00","dateModified":"2023-08-04T07:44:35+00:00","breadcrumb":{"@id":"https:\/\/ondaazzurracamping.com\/de\/reservierungsbestaetigung\/#breadcrumb"},"inLanguage":"de-DE","potentialAction":[{"@type":"ReadAction","target":["https:\/\/ondaazzurracamping.com\/de\/reservierungsbestaetigung\/"]}]},{"@type":"BreadcrumbList","@id":"https:\/\/ondaazzurracamping.com\/de\/reservierungsbestaetigung\/#breadcrumb","itemListElement":[{"@type":"ListItem","position":1,"name":"Home","item":"https:\/\/ondaazzurracamping.com\/de\/"},{"@type":"ListItem","position":2,"name":"Reservierungsbest\u00e4tigung"}]},{"@type":"WebSite","@id":"https:\/\/ondaazzurracamping.com\/de\/#website","url":"https:\/\/ondaazzurracamping.com\/de\/","name":"Camping Onda Azzurra","description":"","publisher":{"@id":"https:\/\/ondaazzurracamping.com\/de\/#organization"},"potentialAction":[{"@type":"SearchAction","target":{"@type":"EntryPoint","urlTemplate":"https:\/\/ondaazzurracamping.com\/de\/?s={search_term_string}"},"query-input":"required name=search_term_string"}],"inLanguage":"de-DE"},{"@type":"Organization","@id":"https:\/\/ondaazzurracamping.com\/de\/#organization","name":"Camping Onda Azzurra","url":"https:\/\/ondaazzurracamping.com\/de\/","logo":{"@type":"ImageObject","inLanguage":"de-DE","@id":"https:\/\/ondaazzurracamping.com\/de\/#\/schema\/logo\/image\/","url":"https:\/\/ondaazzurracamping.com\/wp-content\/uploads\/2021\/04\/camping-onda-azzurra.png","contentUrl":"https:\/\/ondaazzurracamping.com\/wp-content\/uploads\/2021\/04\/camping-onda-azzurra.png","width":1275,"height":568,"caption":"Camping Onda Azzurra"},"image":{"@id":"https:\/\/ondaazzurracamping.com\/de\/#\/schema\/logo\/image\/"},"sameAs":["https:\/\/www.facebook.com\/OndaAzzurraCampingVillaggio\/","https:\/\/www.instagram.com\/onda_azzurra_camping_village\/"]}]}},"_links":{"self":[{"href":"https:\/\/ondaazzurracamping.com\/de\/wp-json\/wp\/v2\/pages\/1367"}],"collection":[{"href":"https:\/\/ondaazzurracamping.com\/de\/wp-json\/wp\/v2\/pages"}],"about":[{"href":"https:\/\/ondaazzurracamping.com\/de\/wp-json\/wp\/v2\/types\/page"}],"author":[{"embeddable":true,"href":"https:\/\/ondaazzurracamping.com\/de\/wp-json\/wp\/v2\/users\/1"}],"replies":[{"embeddable":true,"href":"https:\/\/ondaazzurracamping.com\/de\/wp-json\/wp\/v2\/comments?post=1367"}],"version-history":[{"count":2,"href":"https:\/\/ondaazzurracamping.com\/de\/wp-json\/wp\/v2\/pages\/1367\/revisions"}],"predecessor-version":[{"id":1369,"href":"https:\/\/ondaazzurracamping.com\/de\/wp-json\/wp\/v2\/pages\/1367\/revisions\/1369"}],"wp:attachment":[{"href":"https:\/\/ondaazzurracamping.com\/de\/wp-json\/wp\/v2\/media?parent=1367"}],"curies":[{"name":"wp","href":"https:\/\/api.w.org\/{rel}","templated":true}]}}